{"id":1126,"date":"2018-12-08T00:54:32","date_gmt":"2018-12-07T23:54:32","guid":{"rendered":"http:\/\/www.entroncamentoonline.pt\/portal\/?page_id=1126"},"modified":"2018-12-08T01:28:51","modified_gmt":"2018-12-08T00:28:51","slug":"conduta-do-utilizador","status":"publish","type":"page","link":"https:\/\/www.entroncamentoonline.pt\/portal\/conduta-do-utilizador\/","title":{"rendered":"Conduta do Utilizador"},"content":{"rendered":"<div><\/div>\n<p style=\"text-align: center;\">\u00c8 proibido aos utilizadores<\/p>\n<ul>\n<li>\n<h6>Enviar mensagem abusiva, obscena, insultuosa, de \u00f3dio, amea\u00e7adora, sexualmente tendenciosa ou qualquer outro material que possa violar a lei em vigor.<\/h6>\n<\/li>\n<li>\n<h6>Enviar correntes de e-mail, as chamadas &#8220;chain letters&#8221;;<\/h6>\n<\/li>\n<li>\n<h6>Recorrer a publicidade abusiva sob a forma de correio em massa (&#8220;spam&#8221;);<\/h6>\n<\/li>\n<li>\n<h6>Enviar mensagens n\u00e3o relacionadas com o F\u00f3rum, o tema do t\u00f3pico, ou a not\u00edcia em quest\u00e3o;<\/h6>\n<\/li>\n<li>\n<h6>Desrespeitar a propriedade intelectual alheia (pl\u00e1gio);<\/h6>\n<\/li>\n<li>\n<h6>Utilizar um endere\u00e7o de e-mail com o objectivo de se fazer passar por essa pessoa, ou deliberadamente usar um nome de Utilizador muito semelhante a outro j\u00e1 existente com o prop\u00f3sito de se fazer passar por esse outro Utilizador.<\/h6>\n<\/li>\n<li>\n<h6>Enviar propositadamente material com v\u00edrus de software, ficheiros ou programas com o objectivo de destruir ou limitar a funcionalidade de qualquer computador ou sistema inform\u00e1tico (hardware e software. O Utilizador identificado como o autor de uma mensagem \u00e9 o \u00fanico respons\u00e1vel pelos conte\u00fados publicados nessa mensagem. Assim, qualquer informa\u00e7\u00e3o, dados, textos, links, ou outros materiais expostos p\u00fablica ou privadamente s\u00e3o da responsabilidade exclusiva do Utilizador.\u201c<\/h6>\n<\/li>\n<\/ul>\n","protected":false},"excerpt":{"rendered":"<p>\u00c8 proibido aos utilizadores Enviar mensagem abusiva, obscena, insultuosa, de \u00f3dio, amea\u00e7adora, sexualmente tendenciosa ou qualquer outro material que possa violar a lei em vigor. Enviar correntes de e-mail, as chamadas &#8220;chain letters&#8221;; Recorrer a publicidade abusiva sob a forma de correio em massa (&#8220;spam&#8221;); Enviar mensagens n\u00e3o relacionadas com o F\u00f3rum, o tema do [&hellip;]<\/p>\n","protected":false},"author":1,"featured_media":0,"parent":0,"menu_order":0,"comment_status":"closed","ping_status":"closed","template":"","meta":{"_acf_changed":false,"footnotes":""},"class_list":["post-1126","page","type-page","status-publish"],"acf":[],"_links":{"self":[{"href":"https:\/\/www.entroncamentoonline.pt\/portal\/wp-json\/wp\/v2\/pages\/1126","targetHints":{"allow":["GET"]}}],"collection":[{"href":"https:\/\/www.entroncamentoonline.pt\/portal\/wp-json\/wp\/v2\/pages"}],"about":[{"href":"https:\/\/www.entroncamentoonline.pt\/portal\/wp-json\/wp\/v2\/types\/page"}],"author":[{"embeddable":true,"href":"https:\/\/www.entroncamentoonline.pt\/portal\/wp-json\/wp\/v2\/users\/1"}],"replies":[{"embeddable":true,"href":"https:\/\/www.entroncamentoonline.pt\/portal\/wp-json\/wp\/v2\/comments?post=1126"}],"version-history":[{"count":0,"href":"https:\/\/www.entroncamentoonline.pt\/portal\/wp-json\/wp\/v2\/pages\/1126\/revisions"}],"wp:attachment":[{"href":"https:\/\/www.entroncamentoonline.pt\/portal\/wp-json\/wp\/v2\/media?parent=1126"}],"curies":[{"name":"wp","href":"https:\/\/api.w.org\/{rel}","templated":true}]}}