{"id":1123,"date":"2018-12-08T00:53:25","date_gmt":"2018-12-07T23:53:25","guid":{"rendered":"http:\/\/www.entroncamentoonline.pt\/portal\/?page_id=1123"},"modified":"2018-12-08T16:52:59","modified_gmt":"2018-12-08T15:52:59","slug":"estatuto-editorial","status":"publish","type":"page","link":"https:\/\/www.entroncamentoonline.pt\/portal\/estatuto-editorial\/","title":{"rendered":"Estatuto Editorial"},"content":{"rendered":"<h6>1 &#8211; EntroncamentoOnline \u00e9 um \u00f3rg\u00e3o de informa\u00e7\u00e3o geral, vocacionado para a informa\u00e7\u00e3o local e regional, independente e pluralista, sedeado na cidade do Entroncamento, mas tamb\u00e9m atento \u00e0s not\u00edcias nacionais e do mundo.<\/h6>\n<h6>2 &#8211; EntroncamentoOnline respeita os deveres e os direitos constitucionais da Liberdade de Express\u00e3o e de Informa\u00e7\u00e3o.<\/h6>\n<h6>3 &#8211; EntroncamentoOnline privilegia a not\u00edcia, distinguindo-a dos artigos de opini\u00e3o, reservando-se no entanto no direito de interpretar e emitir opini\u00e3o sobre quaisquer factos ou acontecimentos, respeitando com rigor a legisla\u00e7\u00e3o em vigor.<\/h6>\n<h6>4 &#8211; EntroncamentoOnline respeita o sigilo das suas fontes de informa\u00e7\u00e3o, n\u00e3o aceitando em circunst\u00e2ncia alguma a quebra desse sigilo.<\/h6>\n<h6>5 &#8211; EntroncamentoOnline defende em primeiro lugar os interesses do concelho do Entroncamento, privilegiando a participa\u00e7\u00e3o dos leitores, reservando-se por\u00e9m no direito de intervir na filtragem dessa participa\u00e7\u00e3o, sempre que as participa\u00e7\u00f5es n\u00e3o respeitem os princ\u00edpios da liberdade de express\u00e3o ou que n\u00e3o se enquadrem neste Estatuto Editorial.<\/h6>\n<h6>6 &#8211; EntroncamentoOnline cumpre a Lei de Imprensa e as orienta\u00e7\u00f5es e princ\u00edpios definidos neste Estatuto Editorial e pela sua Dire\u00e7\u00e3o.<\/h6>\n","protected":false},"excerpt":{"rendered":"<p>1 &#8211; EntroncamentoOnline \u00e9 um \u00f3rg\u00e3o de informa\u00e7\u00e3o geral, vocacionado para a informa\u00e7\u00e3o local e regional, independente e pluralista, sedeado na cidade do Entroncamento, mas tamb\u00e9m atento \u00e0s not\u00edcias nacionais e do mundo. 2 &#8211; EntroncamentoOnline respeita os deveres e os direitos constitucionais da Liberdade de Express\u00e3o e de Informa\u00e7\u00e3o. 3 &#8211; EntroncamentoOnline privilegia a [&hellip;]<\/p>\n","protected":false},"author":1,"featured_media":0,"parent":0,"menu_order":0,"comment_status":"closed","ping_status":"closed","template":"","meta":{"_acf_changed":false,"footnotes":""},"class_list":["post-1123","page","type-page","status-publish"],"acf":[],"_links":{"self":[{"href":"https:\/\/www.entroncamentoonline.pt\/portal\/wp-json\/wp\/v2\/pages\/1123","targetHints":{"allow":["GET"]}}],"collection":[{"href":"https:\/\/www.entroncamentoonline.pt\/portal\/wp-json\/wp\/v2\/pages"}],"about":[{"href":"https:\/\/www.entroncamentoonline.pt\/portal\/wp-json\/wp\/v2\/types\/page"}],"author":[{"embeddable":true,"href":"https:\/\/www.entroncamentoonline.pt\/portal\/wp-json\/wp\/v2\/users\/1"}],"replies":[{"embeddable":true,"href":"https:\/\/www.entroncamentoonline.pt\/portal\/wp-json\/wp\/v2\/comments?post=1123"}],"version-history":[{"count":0,"href":"https:\/\/www.entroncamentoonline.pt\/portal\/wp-json\/wp\/v2\/pages\/1123\/revisions"}],"wp:attachment":[{"href":"https:\/\/www.entroncamentoonline.pt\/portal\/wp-json\/wp\/v2\/media?parent=1123"}],"curies":[{"name":"wp","href":"https:\/\/api.w.org\/{rel}","templated":true}]}}